{"id":112,"date":"2023-07-11T18:17:11","date_gmt":"2023-07-11T16:17:11","guid":{"rendered":"https:\/\/xbarchitecture.fr\/?page_id=112"},"modified":"2026-03-23T11:14:11","modified_gmt":"2026-03-23T10:14:11","slug":"maisons-individuelles","status":"publish","type":"page","link":"https:\/\/xbarchitecture.fr\/index.php\/maisons-individuelles\/","title":{"rendered":"Maisons individuelles"},"content":{"rendered":"\n<p class=\"has-black-color has-cyan-bluish-gray-background-color has-text-color has-background has-link-color has-medium-font-size wp-elements-2c69cdeda79d60f55e968752da91a32d\">Extension d&rsquo;une maison individuelle MFG (67)<\/p>\n\n\n\n<figure class=\"wp-block-image size-large\"><img loading=\"lazy\" decoding=\"async\" width=\"768\" height=\"1024\" src=\"https:\/\/xbarchitecture.fr\/wp-content\/uploads\/2025\/12\/20251118_113846-768x1024.jpg\" alt=\"\" class=\"wp-image-366\" style=\"aspect-ratio:0.7499999830206358\" srcset=\"https:\/\/xbarchitecture.fr\/wp-content\/uploads\/2025\/12\/20251118_113846-768x1024.jpg 768w, https:\/\/xbarchitecture.fr\/wp-content\/uploads\/2025\/12\/20251118_113846-225x300.jpg 225w, https:\/\/xbarchitecture.fr\/wp-content\/uploads\/2025\/12\/20251118_113846-1152x1536.jpg 1152w, https:\/\/xbarchitecture.fr\/wp-content\/uploads\/2025\/12\/20251118_113846-1536x2048.jpg 1536w, https:\/\/xbarchitecture.fr\/wp-content\/uploads\/2025\/12\/20251118_113846-scaled.jpg 1920w\" sizes=\"auto, (max-width: 706px) 89vw, (max-width: 767px) 82vw, 740px\" \/><\/figure>\n\n\n\n<figure class=\"wp-block-gallery has-nested-images columns-default is-cropped wp-block-gallery-1 is-layout-flex wp-block-gallery-is-layout-flex\">\n<figure class=\"wp-block-image size-large is-resized\"><img loading=\"lazy\" decoding=\"async\" width=\"768\" height=\"1024\" data-id=\"360\" src=\"https:\/\/xbarchitecture.fr\/wp-content\/uploads\/2025\/12\/20251202_101556-768x1024.jpg\" alt=\"\" class=\"wp-image-360\" style=\"width:335px;height:auto\" srcset=\"https:\/\/xbarchitecture.fr\/wp-content\/uploads\/2025\/12\/20251202_101556-768x1024.jpg 768w, https:\/\/xbarchitecture.fr\/wp-content\/uploads\/2025\/12\/20251202_101556-225x300.jpg 225w, https:\/\/xbarchitecture.fr\/wp-content\/uploads\/2025\/12\/20251202_101556-1152x1536.jpg 1152w, https:\/\/xbarchitecture.fr\/wp-content\/uploads\/2025\/12\/20251202_101556-1536x2048.jpg 1536w, https:\/\/xbarchitecture.fr\/wp-content\/uploads\/2025\/12\/20251202_101556-scaled.jpg 1920w\" sizes=\"auto, (max-width: 706px) 89vw, (max-width: 767px) 82vw, 740px\" \/><\/figure>\n\n\n\n<figure class=\"wp-block-image size-large is-resized\"><img loading=\"lazy\" decoding=\"async\" width=\"768\" height=\"1024\" data-id=\"409\" src=\"https:\/\/xbarchitecture.fr\/wp-content\/uploads\/2026\/03\/20260319_095755-768x1024.jpg\" alt=\"\" class=\"wp-image-409\" style=\"width:335px;height:auto\" srcset=\"https:\/\/xbarchitecture.fr\/wp-content\/uploads\/2026\/03\/20260319_095755-768x1024.jpg 768w, https:\/\/xbarchitecture.fr\/wp-content\/uploads\/2026\/03\/20260319_095755-225x300.jpg 225w, https:\/\/xbarchitecture.fr\/wp-content\/uploads\/2026\/03\/20260319_095755-1152x1536.jpg 1152w, https:\/\/xbarchitecture.fr\/wp-content\/uploads\/2026\/03\/20260319_095755-1536x2048.jpg 1536w, https:\/\/xbarchitecture.fr\/wp-content\/uploads\/2026\/03\/20260319_095755-scaled.jpg 1920w\" sizes=\"auto, (max-width: 706px) 89vw, (max-width: 767px) 82vw, 740px\" \/><\/figure>\n<\/figure>\n\n\n\n<figure class=\"wp-block-image size-large\"><img loading=\"lazy\" decoding=\"async\" width=\"768\" height=\"1024\" src=\"https:\/\/xbarchitecture.fr\/wp-content\/uploads\/2026\/03\/20260319_095840-768x1024.jpg\" alt=\"\" class=\"wp-image-407\" srcset=\"https:\/\/xbarchitecture.fr\/wp-content\/uploads\/2026\/03\/20260319_095840-768x1024.jpg 768w, https:\/\/xbarchitecture.fr\/wp-content\/uploads\/2026\/03\/20260319_095840-225x300.jpg 225w, https:\/\/xbarchitecture.fr\/wp-content\/uploads\/2026\/03\/20260319_095840-1152x1536.jpg 1152w, https:\/\/xbarchitecture.fr\/wp-content\/uploads\/2026\/03\/20260319_095840-1536x2048.jpg 1536w, https:\/\/xbarchitecture.fr\/wp-content\/uploads\/2026\/03\/20260319_095840-scaled.jpg 1920w\" sizes=\"auto, (max-width: 706px) 89vw, (max-width: 767px) 82vw, 740px\" \/><\/figure>\n\n\n\n<p class=\"has-text-align-left has-black-color has-cyan-bluish-gray-background-color has-text-color has-background has-link-color has-medium-font-size wp-elements-9e4fb4c357662c64a9109eb0720f4f19\">Maison individuelle GSB \u00e0 ossature bois (67)<\/p>\n\n\n<div class=\"wp-block-image\">\n<figure class=\"aligncenter size-large\"><img loading=\"lazy\" decoding=\"async\" width=\"498\" height=\"1024\" src=\"https:\/\/xbarchitecture.fr\/wp-content\/uploads\/2024\/01\/SBF2-498x1024.jpg\" alt=\"\" class=\"wp-image-237\" srcset=\"https:\/\/xbarchitecture.fr\/wp-content\/uploads\/2024\/01\/SBF2-498x1024.jpg 498w, https:\/\/xbarchitecture.fr\/wp-content\/uploads\/2024\/01\/SBF2-146x300.jpg 146w, https:\/\/xbarchitecture.fr\/wp-content\/uploads\/2024\/01\/SBF2-768x1580.jpg 768w, https:\/\/xbarchitecture.fr\/wp-content\/uploads\/2024\/01\/SBF2-747x1536.jpg 747w, https:\/\/xbarchitecture.fr\/wp-content\/uploads\/2024\/01\/SBF2-996x2048.jpg 996w, https:\/\/xbarchitecture.fr\/wp-content\/uploads\/2024\/01\/SBF2-scaled.jpg 1244w\" sizes=\"auto, (max-width: 498px) 100vw, 498px\" \/><\/figure>\n<\/div>\n\n\n<figure class=\"wp-block-image size-large\"><img loading=\"lazy\" decoding=\"async\" width=\"1024\" height=\"498\" src=\"https:\/\/xbarchitecture.fr\/wp-content\/uploads\/2024\/01\/SBF1-1024x498.jpg\" alt=\"\" class=\"wp-image-236\" srcset=\"https:\/\/xbarchitecture.fr\/wp-content\/uploads\/2024\/01\/SBF1-1024x498.jpg 1024w, https:\/\/xbarchitecture.fr\/wp-content\/uploads\/2024\/01\/SBF1-300x146.jpg 300w, https:\/\/xbarchitecture.fr\/wp-content\/uploads\/2024\/01\/SBF1-768x373.jpg 768w, https:\/\/xbarchitecture.fr\/wp-content\/uploads\/2024\/01\/SBF1-1536x747.jpg 1536w, https:\/\/xbarchitecture.fr\/wp-content\/uploads\/2024\/01\/SBF1-2048x996.jpg 2048w\" sizes=\"auto, (max-width: 706px) 89vw, (max-width: 767px) 82vw, 740px\" \/><\/figure>\n\n\n\n<p><\/p>\n\n\n\n<p class=\"has-text-align-left has-black-color has-cyan-bluish-gray-background-color has-text-color has-background has-link-color has-medium-font-size wp-elements-65a6bb96b1f811c4f582953bda60004c\">Maison individuelle HMT \u00e0 ossature bois (67)<\/p>\n\n\n\n<div class=\"wp-block-group\"><div class=\"wp-block-group__inner-container is-layout-constrained wp-block-group-is-layout-constrained\">\n<div class=\"wp-block-group\"><div class=\"wp-block-group__inner-container is-layout-constrained wp-block-group-is-layout-constrained\">\n<div class=\"wp-block-columns are-vertically-aligned-top is-layout-flex wp-container-core-columns-is-layout-9d6595d7 wp-block-columns-is-layout-flex\">\n<div class=\"wp-block-column is-vertically-aligned-top is-layout-flow wp-block-column-is-layout-flow\">\n<figure class=\"wp-block-image size-large\"><img loading=\"lazy\" decoding=\"async\" width=\"1024\" height=\"683\" src=\"https:\/\/xbarchitecture.fr\/wp-content\/uploads\/2023\/08\/21-1024x683.jpg\" alt=\"\" class=\"wp-image-162\" srcset=\"https:\/\/xbarchitecture.fr\/wp-content\/uploads\/2023\/08\/21-1024x683.jpg 1024w, https:\/\/xbarchitecture.fr\/wp-content\/uploads\/2023\/08\/21-300x200.jpg 300w, https:\/\/xbarchitecture.fr\/wp-content\/uploads\/2023\/08\/21-768x512.jpg 768w, https:\/\/xbarchitecture.fr\/wp-content\/uploads\/2023\/08\/21-1536x1024.jpg 1536w, https:\/\/xbarchitecture.fr\/wp-content\/uploads\/2023\/08\/21-2048x1365.jpg 2048w\" sizes=\"auto, (max-width: 706px) 89vw, (max-width: 767px) 82vw, 740px\" \/><\/figure>\n\n\n<div class=\"wp-block-image\">\n<figure class=\"aligncenter size-full\"><img loading=\"lazy\" decoding=\"async\" width=\"403\" height=\"600\" src=\"https:\/\/xbarchitecture.fr\/wp-content\/uploads\/2023\/08\/HMT_4.jpg\" alt=\"\" class=\"wp-image-163\" srcset=\"https:\/\/xbarchitecture.fr\/wp-content\/uploads\/2023\/08\/HMT_4.jpg 403w, https:\/\/xbarchitecture.fr\/wp-content\/uploads\/2023\/08\/HMT_4-202x300.jpg 202w\" sizes=\"auto, (max-width: 403px) 100vw, 403px\" \/><\/figure>\n<\/div><\/div>\n<\/div>\n<\/div><\/div>\n\n\n\n<p><\/p>\n\n\n\n<p class=\"has-black-color has-cyan-bluish-gray-background-color has-text-color has-background has-link-color has-medium-font-size wp-elements-9bdfc3efaf70f5432c16bf4712cf6481\">R\u00e9novation et extension Maison individuelle M (67)<\/p>\n\n\n\n<figure class=\"wp-block-image size-large\"><img loading=\"lazy\" decoding=\"async\" width=\"1024\" height=\"667\" src=\"https:\/\/xbarchitecture.fr\/wp-content\/uploads\/2024\/02\/metz-hangen-2-avant-1024x667.jpg\" alt=\"\" class=\"wp-image-272\" srcset=\"https:\/\/xbarchitecture.fr\/wp-content\/uploads\/2024\/02\/metz-hangen-2-avant-1024x667.jpg 1024w, https:\/\/xbarchitecture.fr\/wp-content\/uploads\/2024\/02\/metz-hangen-2-avant-300x195.jpg 300w, https:\/\/xbarchitecture.fr\/wp-content\/uploads\/2024\/02\/metz-hangen-2-avant-768x500.jpg 768w, https:\/\/xbarchitecture.fr\/wp-content\/uploads\/2024\/02\/metz-hangen-2-avant-1536x1000.jpg 1536w, https:\/\/xbarchitecture.fr\/wp-content\/uploads\/2024\/02\/metz-hangen-2-avant-2048x1333.jpg 2048w\" sizes=\"auto, (max-width: 706px) 89vw, (max-width: 767px) 82vw, 740px\" \/><\/figure>\n\n\n\n<figure class=\"wp-block-image size-large\"><img loading=\"lazy\" decoding=\"async\" width=\"1024\" height=\"498\" src=\"https:\/\/xbarchitecture.fr\/wp-content\/uploads\/2024\/02\/metz-hangen-2-annot-1024x498.jpg\" alt=\"\" class=\"wp-image-273\" srcset=\"https:\/\/xbarchitecture.fr\/wp-content\/uploads\/2024\/02\/metz-hangen-2-annot-1024x498.jpg 1024w, https:\/\/xbarchitecture.fr\/wp-content\/uploads\/2024\/02\/metz-hangen-2-annot-300x146.jpg 300w, https:\/\/xbarchitecture.fr\/wp-content\/uploads\/2024\/02\/metz-hangen-2-annot-768x373.jpg 768w, https:\/\/xbarchitecture.fr\/wp-content\/uploads\/2024\/02\/metz-hangen-2-annot-1536x747.jpg 1536w, https:\/\/xbarchitecture.fr\/wp-content\/uploads\/2024\/02\/metz-hangen-2-annot-2048x996.jpg 2048w\" sizes=\"auto, (max-width: 706px) 89vw, (max-width: 767px) 82vw, 740px\" \/><\/figure>\n<\/div><\/div>\n\n\n\n<figure class=\"wp-block-image size-large\"><img loading=\"lazy\" decoding=\"async\" width=\"1024\" height=\"1024\" src=\"https:\/\/xbarchitecture.fr\/wp-content\/uploads\/2024\/02\/metz-hangen-avant-1024x1024.jpg\" alt=\"\" class=\"wp-image-274\" srcset=\"https:\/\/xbarchitecture.fr\/wp-content\/uploads\/2024\/02\/metz-hangen-avant-1024x1024.jpg 1024w, https:\/\/xbarchitecture.fr\/wp-content\/uploads\/2024\/02\/metz-hangen-avant-300x300.jpg 300w, https:\/\/xbarchitecture.fr\/wp-content\/uploads\/2024\/02\/metz-hangen-avant-150x150.jpg 150w, https:\/\/xbarchitecture.fr\/wp-content\/uploads\/2024\/02\/metz-hangen-avant-768x768.jpg 768w, https:\/\/xbarchitecture.fr\/wp-content\/uploads\/2024\/02\/metz-hangen-avant-1536x1536.jpg 1536w, https:\/\/xbarchitecture.fr\/wp-content\/uploads\/2024\/02\/metz-hangen-avant-100x100.jpg 100w, https:\/\/xbarchitecture.fr\/wp-content\/uploads\/2024\/02\/metz-hangen-avant.jpg 1976w\" sizes=\"auto, (max-width: 706px) 89vw, (max-width: 767px) 82vw, 740px\" \/><\/figure>\n\n\n\n<figure class=\"wp-block-image size-large\"><img loading=\"lazy\" decoding=\"async\" width=\"1024\" height=\"1024\" src=\"https:\/\/xbarchitecture.fr\/wp-content\/uploads\/2024\/02\/metz-hangen-1-pano-annot-1024x1024.jpg\" alt=\"\" class=\"wp-image-275\" srcset=\"https:\/\/xbarchitecture.fr\/wp-content\/uploads\/2024\/02\/metz-hangen-1-pano-annot-1024x1024.jpg 1024w, https:\/\/xbarchitecture.fr\/wp-content\/uploads\/2024\/02\/metz-hangen-1-pano-annot-300x300.jpg 300w, https:\/\/xbarchitecture.fr\/wp-content\/uploads\/2024\/02\/metz-hangen-1-pano-annot-150x150.jpg 150w, https:\/\/xbarchitecture.fr\/wp-content\/uploads\/2024\/02\/metz-hangen-1-pano-annot-768x768.jpg 768w, https:\/\/xbarchitecture.fr\/wp-content\/uploads\/2024\/02\/metz-hangen-1-pano-annot-1536x1536.jpg 1536w, https:\/\/xbarchitecture.fr\/wp-content\/uploads\/2024\/02\/metz-hangen-1-pano-annot-2048x2048.jpg 2048w, https:\/\/xbarchitecture.fr\/wp-content\/uploads\/2024\/02\/metz-hangen-1-pano-annot-100x100.jpg 100w\" sizes=\"auto, (max-width: 706px) 89vw, (max-width: 767px) 82vw, 740px\" \/><\/figure>\n\n\n\n<p class=\"has-text-align-left has-black-color has-cyan-bluish-gray-background-color has-text-color has-background has-link-color has-medium-font-size wp-elements-887cd3e586f7f197ade8cdaa0a581451\">Maison individuelle DCR \u00e0 ossature bois (88)<\/p>\n\n\n\n<div class=\"wp-block-columns is-layout-flex wp-container-core-columns-is-layout-9d6595d7 wp-block-columns-is-layout-flex\">\n<div class=\"wp-block-column is-layout-flow wp-block-column-is-layout-flow\">\n<figure class=\"wp-block-image size-large\"><img loading=\"lazy\" decoding=\"async\" width=\"683\" height=\"1024\" src=\"https:\/\/xbarchitecture.fr\/wp-content\/uploads\/2023\/08\/19-683x1024.jpg\" alt=\"\" class=\"wp-image-160\" srcset=\"https:\/\/xbarchitecture.fr\/wp-content\/uploads\/2023\/08\/19-683x1024.jpg 683w, https:\/\/xbarchitecture.fr\/wp-content\/uploads\/2023\/08\/19-200x300.jpg 200w, https:\/\/xbarchitecture.fr\/wp-content\/uploads\/2023\/08\/19-768x1152.jpg 768w, https:\/\/xbarchitecture.fr\/wp-content\/uploads\/2023\/08\/19-1024x1536.jpg 1024w, https:\/\/xbarchitecture.fr\/wp-content\/uploads\/2023\/08\/19-1365x2048.jpg 1365w, https:\/\/xbarchitecture.fr\/wp-content\/uploads\/2023\/08\/19-scaled.jpg 1707w\" sizes=\"auto, (max-width: 683px) 100vw, 683px\" \/><\/figure>\n<\/div>\n\n\n\n<div class=\"wp-block-column is-layout-flow wp-block-column-is-layout-flow\">\n<figure class=\"wp-block-image size-large\"><img loading=\"lazy\" decoding=\"async\" width=\"683\" height=\"1024\" src=\"https:\/\/xbarchitecture.fr\/wp-content\/uploads\/2023\/08\/20-683x1024.jpg\" alt=\"\" class=\"wp-image-161\" srcset=\"https:\/\/xbarchitecture.fr\/wp-content\/uploads\/2023\/08\/20-683x1024.jpg 683w, https:\/\/xbarchitecture.fr\/wp-content\/uploads\/2023\/08\/20-200x300.jpg 200w, https:\/\/xbarchitecture.fr\/wp-content\/uploads\/2023\/08\/20-768x1152.jpg 768w, https:\/\/xbarchitecture.fr\/wp-content\/uploads\/2023\/08\/20-1024x1536.jpg 1024w, https:\/\/xbarchitecture.fr\/wp-content\/uploads\/2023\/08\/20-1365x2048.jpg 1365w, https:\/\/xbarchitecture.fr\/wp-content\/uploads\/2023\/08\/20-scaled.jpg 1707w\" sizes=\"auto, (max-width: 683px) 100vw, 683px\" \/><\/figure>\n<\/div>\n<\/div>\n\n\n\n<p class=\"has-black-color has-cyan-bluish-gray-background-color has-text-color has-background has-link-color has-medium-font-size wp-elements-092cba9e958ca074abd3ab1fe779823c\">R\u00e9novation maison alsacienne BRD (67)<\/p>\n\n\n\n<figure class=\"wp-block-image size-large\"><img loading=\"lazy\" decoding=\"async\" width=\"1024\" height=\"498\" src=\"https:\/\/xbarchitecture.fr\/wp-content\/uploads\/2023\/08\/20230730_202126-1024x498.jpg\" alt=\"\" class=\"wp-image-203\" srcset=\"https:\/\/xbarchitecture.fr\/wp-content\/uploads\/2023\/08\/20230730_202126-1024x498.jpg 1024w, https:\/\/xbarchitecture.fr\/wp-content\/uploads\/2023\/08\/20230730_202126-300x146.jpg 300w, https:\/\/xbarchitecture.fr\/wp-content\/uploads\/2023\/08\/20230730_202126-768x373.jpg 768w, https:\/\/xbarchitecture.fr\/wp-content\/uploads\/2023\/08\/20230730_202126-1536x747.jpg 1536w, https:\/\/xbarchitecture.fr\/wp-content\/uploads\/2023\/08\/20230730_202126-2048x996.jpg 2048w\" sizes=\"auto, (max-width: 706px) 89vw, (max-width: 767px) 82vw, 740px\" \/><\/figure>\n\n\n\n<figure class=\"wp-block-image size-large\"><img loading=\"lazy\" decoding=\"async\" width=\"1024\" height=\"498\" src=\"https:\/\/xbarchitecture.fr\/wp-content\/uploads\/2023\/08\/16-1024x498.jpg\" alt=\"\" class=\"wp-image-158\" srcset=\"https:\/\/xbarchitecture.fr\/wp-content\/uploads\/2023\/08\/16-1024x498.jpg 1024w, https:\/\/xbarchitecture.fr\/wp-content\/uploads\/2023\/08\/16-300x146.jpg 300w, https:\/\/xbarchitecture.fr\/wp-content\/uploads\/2023\/08\/16-768x373.jpg 768w, https:\/\/xbarchitecture.fr\/wp-content\/uploads\/2023\/08\/16-1536x747.jpg 1536w, https:\/\/xbarchitecture.fr\/wp-content\/uploads\/2023\/08\/16-2048x996.jpg 2048w\" sizes=\"auto, (max-width: 706px) 89vw, (max-width: 767px) 82vw, 740px\" \/><\/figure>\n\n\n\n<div class=\"wp-block-columns is-layout-flex wp-container-core-columns-is-layout-9d6595d7 wp-block-columns-is-layout-flex\">\n<div class=\"wp-block-column is-layout-flow wp-block-column-is-layout-flow\">\n<figure class=\"wp-block-image size-large\"><img loading=\"lazy\" decoding=\"async\" width=\"498\" height=\"1024\" src=\"https:\/\/xbarchitecture.fr\/wp-content\/uploads\/2023\/08\/17-498x1024.jpg\" alt=\"\" class=\"wp-image-159\" srcset=\"https:\/\/xbarchitecture.fr\/wp-content\/uploads\/2023\/08\/17-498x1024.jpg 498w, https:\/\/xbarchitecture.fr\/wp-content\/uploads\/2023\/08\/17-146x300.jpg 146w, https:\/\/xbarchitecture.fr\/wp-content\/uploads\/2023\/08\/17-768x1580.jpg 768w, https:\/\/xbarchitecture.fr\/wp-content\/uploads\/2023\/08\/17-747x1536.jpg 747w, https:\/\/xbarchitecture.fr\/wp-content\/uploads\/2023\/08\/17-996x2048.jpg 996w, https:\/\/xbarchitecture.fr\/wp-content\/uploads\/2023\/08\/17-scaled.jpg 1244w\" sizes=\"auto, (max-width: 498px) 100vw, 498px\" \/><\/figure>\n<\/div>\n\n\n\n<div class=\"wp-block-column is-layout-flow wp-block-column-is-layout-flow\">\n<figure class=\"wp-block-image size-large\"><img loading=\"lazy\" decoding=\"async\" width=\"498\" height=\"1024\" src=\"https:\/\/xbarchitecture.fr\/wp-content\/uploads\/2023\/08\/18-498x1024.jpg\" alt=\"\" class=\"wp-image-142\" srcset=\"https:\/\/xbarchitecture.fr\/wp-content\/uploads\/2023\/08\/18-498x1024.jpg 498w, https:\/\/xbarchitecture.fr\/wp-content\/uploads\/2023\/08\/18-146x300.jpg 146w, https:\/\/xbarchitecture.fr\/wp-content\/uploads\/2023\/08\/18-768x1580.jpg 768w, https:\/\/xbarchitecture.fr\/wp-content\/uploads\/2023\/08\/18-747x1536.jpg 747w, https:\/\/xbarchitecture.fr\/wp-content\/uploads\/2023\/08\/18-996x2048.jpg 996w, https:\/\/xbarchitecture.fr\/wp-content\/uploads\/2023\/08\/18-scaled.jpg 1244w\" sizes=\"auto, (max-width: 498px) 100vw, 498px\" \/><\/figure>\n<\/div>\n<\/div>\n","protected":false},"excerpt":{"rendered":"<p>Extension d&rsquo;une maison individuelle MFG (67) Maison individuelle GSB \u00e0 ossature bois (67) Maison individuelle HMT \u00e0 ossature bois (67) R\u00e9novation et extension Maison individuelle M (67) Maison individuelle DCR \u00e0 ossature bois (88) R\u00e9novation maison alsacienne BRD (67)<\/p>\n","protected":false},"author":2,"featured_media":0,"parent":0,"menu_order":0,"comment_status":"closed","ping_status":"closed","template":"","meta":{"footnotes":""},"class_list":["post-112","page","type-page","status-publish","hentry"],"_links":{"self":[{"href":"https:\/\/xbarchitecture.fr\/index.php\/wp-json\/wp\/v2\/pages\/112","targetHints":{"allow":["GET"]}}],"collection":[{"href":"https:\/\/xbarchitecture.fr\/index.php\/wp-json\/wp\/v2\/pages"}],"about":[{"href":"https:\/\/xbarchitecture.fr\/index.php\/wp-json\/wp\/v2\/types\/page"}],"author":[{"embeddable":true,"href":"https:\/\/xbarchitecture.fr\/index.php\/wp-json\/wp\/v2\/users\/2"}],"replies":[{"embeddable":true,"href":"https:\/\/xbarchitecture.fr\/index.php\/wp-json\/wp\/v2\/comments?post=112"}],"version-history":[{"count":18,"href":"https:\/\/xbarchitecture.fr\/index.php\/wp-json\/wp\/v2\/pages\/112\/revisions"}],"predecessor-version":[{"id":413,"href":"https:\/\/xbarchitecture.fr\/index.php\/wp-json\/wp\/v2\/pages\/112\/revisions\/413"}],"wp:attachment":[{"href":"https:\/\/xbarchitecture.fr\/index.php\/wp-json\/wp\/v2\/media?parent=112"}],"curies":[{"name":"wp","href":"https:\/\/api.w.org\/{rel}","templated":true}]}}