{"id":332,"date":"2025-08-14T12:25:09","date_gmt":"2025-08-14T10:25:09","guid":{"rendered":"https:\/\/xbarchitecture.fr\/?page_id=332"},"modified":"2026-01-29T14:32:03","modified_gmt":"2026-01-29T13:32:03","slug":"en-cours","status":"publish","type":"page","link":"https:\/\/xbarchitecture.fr\/index.php\/en-cours\/","title":{"rendered":"Projets en cours"},"content":{"rendered":"\n<p><strong>R\u00e9novation \u00e9nerg\u00e9tique d&rsquo;une copropri\u00e9t\u00e9 (67)<\/strong><\/p>\n\n\n\n<figure class=\"wp-block-image size-large\"><img loading=\"lazy\" decoding=\"async\" width=\"1024\" height=\"768\" src=\"https:\/\/xbarchitecture.fr\/wp-content\/uploads\/2026\/01\/20260126_113032-1024x768.jpg\" alt=\"\" class=\"wp-image-388\" srcset=\"https:\/\/xbarchitecture.fr\/wp-content\/uploads\/2026\/01\/20260126_113032-1024x768.jpg 1024w, https:\/\/xbarchitecture.fr\/wp-content\/uploads\/2026\/01\/20260126_113032-300x225.jpg 300w, https:\/\/xbarchitecture.fr\/wp-content\/uploads\/2026\/01\/20260126_113032-768x576.jpg 768w, https:\/\/xbarchitecture.fr\/wp-content\/uploads\/2026\/01\/20260126_113032-1536x1152.jpg 1536w, https:\/\/xbarchitecture.fr\/wp-content\/uploads\/2026\/01\/20260126_113032-2048x1536.jpg 2048w\" sizes=\"auto, (max-width: 706px) 89vw, (max-width: 767px) 82vw, 740px\" \/><\/figure>\n\n\n\n<p><strong>Extension d&rsquo;une maison individuelle<\/strong> (67)<\/p>\n\n\n\n<figure class=\"wp-block-image size-large\"><img loading=\"lazy\" decoding=\"async\" width=\"1024\" height=\"576\" src=\"https:\/\/xbarchitecture.fr\/wp-content\/uploads\/2026\/01\/INSERTION-CRASTATT-1024x576.jpg\" alt=\"\" class=\"wp-image-384\" srcset=\"https:\/\/xbarchitecture.fr\/wp-content\/uploads\/2026\/01\/INSERTION-CRASTATT-1024x576.jpg 1024w, https:\/\/xbarchitecture.fr\/wp-content\/uploads\/2026\/01\/INSERTION-CRASTATT-300x169.jpg 300w, https:\/\/xbarchitecture.fr\/wp-content\/uploads\/2026\/01\/INSERTION-CRASTATT-768x432.jpg 768w, https:\/\/xbarchitecture.fr\/wp-content\/uploads\/2026\/01\/INSERTION-CRASTATT-1536x864.jpg 1536w, https:\/\/xbarchitecture.fr\/wp-content\/uploads\/2026\/01\/INSERTION-CRASTATT.jpg 1920w\" sizes=\"auto, (max-width: 706px) 89vw, (max-width: 767px) 82vw, 740px\" \/><\/figure>\n\n\n\n<p><strong>Extensions d&rsquo;une maison individuelle (67)<\/strong><\/p>\n\n\n\n<figure class=\"wp-block-image size-large is-style-default\"><img loading=\"lazy\" decoding=\"async\" width=\"1024\" height=\"406\" src=\"https:\/\/xbarchitecture.fr\/wp-content\/uploads\/2025\/08\/insertion-pc-1024x406.jpg\" alt=\"\" class=\"wp-image-347\" srcset=\"https:\/\/xbarchitecture.fr\/wp-content\/uploads\/2025\/08\/insertion-pc-1024x406.jpg 1024w, https:\/\/xbarchitecture.fr\/wp-content\/uploads\/2025\/08\/insertion-pc-300x119.jpg 300w, https:\/\/xbarchitecture.fr\/wp-content\/uploads\/2025\/08\/insertion-pc-768x304.jpg 768w, https:\/\/xbarchitecture.fr\/wp-content\/uploads\/2025\/08\/insertion-pc-1536x609.jpg 1536w, https:\/\/xbarchitecture.fr\/wp-content\/uploads\/2025\/08\/insertion-pc-2048x812.jpg 2048w\" sizes=\"auto, (max-width: 706px) 89vw, (max-width: 767px) 82vw, 740px\" \/><\/figure>\n\n\n\n<p><strong>Extension d&rsquo;une maison individuelle (67)<\/strong><\/p>\n\n\n\n<figure class=\"wp-block-image size-large is-style-default\"><img loading=\"lazy\" decoding=\"async\" width=\"1024\" height=\"477\" src=\"https:\/\/xbarchitecture.fr\/wp-content\/uploads\/2025\/08\/INSERTION2-1024x477.jpg\" alt=\"\" class=\"wp-image-348\" srcset=\"https:\/\/xbarchitecture.fr\/wp-content\/uploads\/2025\/08\/INSERTION2-1024x477.jpg 1024w, https:\/\/xbarchitecture.fr\/wp-content\/uploads\/2025\/08\/INSERTION2-300x140.jpg 300w, https:\/\/xbarchitecture.fr\/wp-content\/uploads\/2025\/08\/INSERTION2-768x358.jpg 768w, https:\/\/xbarchitecture.fr\/wp-content\/uploads\/2025\/08\/INSERTION2-1536x715.jpg 1536w, https:\/\/xbarchitecture.fr\/wp-content\/uploads\/2025\/08\/INSERTION2-2048x954.jpg 2048w\" sizes=\"auto, (max-width: 706px) 89vw, (max-width: 767px) 82vw, 740px\" \/><\/figure>\n","protected":false},"excerpt":{"rendered":"<p>R\u00e9novation \u00e9nerg\u00e9tique d&rsquo;une copropri\u00e9t\u00e9 (67) Extension d&rsquo;une maison individuelle (67) Extensions d&rsquo;une maison individuelle (67) Extension d&rsquo;une maison individuelle (67)<\/p>\n","protected":false},"author":2,"featured_media":0,"parent":0,"menu_order":0,"comment_status":"closed","ping_status":"closed","template":"","meta":{"footnotes":""},"class_list":["post-332","page","type-page","status-publish","hentry"],"_links":{"self":[{"href":"https:\/\/xbarchitecture.fr\/index.php\/wp-json\/wp\/v2\/pages\/332","targetHints":{"allow":["GET"]}}],"collection":[{"href":"https:\/\/xbarchitecture.fr\/index.php\/wp-json\/wp\/v2\/pages"}],"about":[{"href":"https:\/\/xbarchitecture.fr\/index.php\/wp-json\/wp\/v2\/types\/page"}],"author":[{"embeddable":true,"href":"https:\/\/xbarchitecture.fr\/index.php\/wp-json\/wp\/v2\/users\/2"}],"replies":[{"embeddable":true,"href":"https:\/\/xbarchitecture.fr\/index.php\/wp-json\/wp\/v2\/comments?post=332"}],"version-history":[{"count":11,"href":"https:\/\/xbarchitecture.fr\/index.php\/wp-json\/wp\/v2\/pages\/332\/revisions"}],"predecessor-version":[{"id":389,"href":"https:\/\/xbarchitecture.fr\/index.php\/wp-json\/wp\/v2\/pages\/332\/revisions\/389"}],"wp:attachment":[{"href":"https:\/\/xbarchitecture.fr\/index.php\/wp-json\/wp\/v2\/media?parent=332"}],"curies":[{"name":"wp","href":"https:\/\/api.w.org\/{rel}","templated":true}]}}