{"id":41,"date":"2023-07-06T13:13:06","date_gmt":"2023-07-06T11:13:06","guid":{"rendered":"http:\/\/xbarchitecture.fr\/?page_id=41"},"modified":"2026-03-17T08:48:28","modified_gmt":"2026-03-17T07:48:28","slug":"habitations-individuelles","status":"publish","type":"page","link":"https:\/\/xbarchitecture.fr\/index.php\/habitations-individuelles\/","title":{"rendered":"Logements collectifs"},"content":{"rendered":"\n<p><\/p>\n\n\n\n<p class=\"has-black-color has-cyan-bluish-gray-background-color has-text-color has-background has-link-color wp-elements-a531a5e04ce2822a6b2d878f058f83bf\" style=\"font-size:16px\"><strong>Immeuble 4 logements + 1 local commercial en RdC<\/strong> &#8211; <strong>STRASBOURG Secteur PSMV (67)<\/strong><\/p>\n\n\n\n<p class=\"has-black-color has-text-color has-link-color wp-elements-655625cff2b955a927c8dbb34fe0a2af\" style=\"font-size:16px\">D\u00e9molition partielle \/ Extension \/ R\u00e9novation lourde <\/p>\n\n\n\n<figure class=\"wp-block-image size-large\"><img loading=\"lazy\" decoding=\"async\" width=\"1024\" height=\"498\" src=\"https:\/\/xbarchitecture.fr\/wp-content\/uploads\/2023\/08\/20230817_174811-1024x498.jpg\" alt=\"\" class=\"wp-image-196\" srcset=\"https:\/\/xbarchitecture.fr\/wp-content\/uploads\/2023\/08\/20230817_174811-1024x498.jpg 1024w, https:\/\/xbarchitecture.fr\/wp-content\/uploads\/2023\/08\/20230817_174811-300x146.jpg 300w, https:\/\/xbarchitecture.fr\/wp-content\/uploads\/2023\/08\/20230817_174811-768x373.jpg 768w, https:\/\/xbarchitecture.fr\/wp-content\/uploads\/2023\/08\/20230817_174811-1536x747.jpg 1536w, https:\/\/xbarchitecture.fr\/wp-content\/uploads\/2023\/08\/20230817_174811-2048x996.jpg 2048w\" sizes=\"auto, (max-width: 706px) 89vw, (max-width: 767px) 82vw, 740px\" \/><\/figure>\n\n\n<div class=\"wp-block-image\">\n<figure class=\"aligncenter size-large is-resized\"><img loading=\"lazy\" decoding=\"async\" width=\"498\" height=\"1024\" src=\"https:\/\/xbarchitecture.fr\/wp-content\/uploads\/2023\/08\/20230817_174745-498x1024.jpg\" alt=\"\" class=\"wp-image-195\" style=\"width:322px;height:662px\" srcset=\"https:\/\/xbarchitecture.fr\/wp-content\/uploads\/2023\/08\/20230817_174745-498x1024.jpg 498w, https:\/\/xbarchitecture.fr\/wp-content\/uploads\/2023\/08\/20230817_174745-146x300.jpg 146w, https:\/\/xbarchitecture.fr\/wp-content\/uploads\/2023\/08\/20230817_174745-768x1580.jpg 768w, https:\/\/xbarchitecture.fr\/wp-content\/uploads\/2023\/08\/20230817_174745-747x1536.jpg 747w, https:\/\/xbarchitecture.fr\/wp-content\/uploads\/2023\/08\/20230817_174745-996x2048.jpg 996w, https:\/\/xbarchitecture.fr\/wp-content\/uploads\/2023\/08\/20230817_174745-scaled.jpg 1244w\" sizes=\"auto, (max-width: 498px) 100vw, 498px\" \/><\/figure>\n<\/div>\n\n\n<div class=\"wp-block-columns is-layout-flex wp-container-core-columns-is-layout-9d6595d7 wp-block-columns-is-layout-flex\">\n<div class=\"wp-block-column is-layout-flow wp-block-column-is-layout-flow\">\n<figure class=\"wp-block-image size-large\"><img loading=\"lazy\" decoding=\"async\" width=\"498\" height=\"1024\" src=\"https:\/\/xbarchitecture.fr\/wp-content\/uploads\/2023\/08\/07-498x1024.jpg\" alt=\"\" class=\"wp-image-149\" srcset=\"https:\/\/xbarchitecture.fr\/wp-content\/uploads\/2023\/08\/07-498x1024.jpg 498w, https:\/\/xbarchitecture.fr\/wp-content\/uploads\/2023\/08\/07-146x300.jpg 146w, https:\/\/xbarchitecture.fr\/wp-content\/uploads\/2023\/08\/07-768x1580.jpg 768w, https:\/\/xbarchitecture.fr\/wp-content\/uploads\/2023\/08\/07-747x1536.jpg 747w, https:\/\/xbarchitecture.fr\/wp-content\/uploads\/2023\/08\/07-996x2048.jpg 996w, https:\/\/xbarchitecture.fr\/wp-content\/uploads\/2023\/08\/07-scaled.jpg 1244w\" sizes=\"auto, (max-width: 498px) 100vw, 498px\" \/><\/figure>\n<\/div>\n\n\n\n<div class=\"wp-block-column is-layout-flow wp-block-column-is-layout-flow\">\n<figure class=\"wp-block-image size-large\"><img loading=\"lazy\" decoding=\"async\" width=\"498\" height=\"1024\" src=\"https:\/\/xbarchitecture.fr\/wp-content\/uploads\/2023\/08\/06-498x1024.jpg\" alt=\"\" class=\"wp-image-148\" srcset=\"https:\/\/xbarchitecture.fr\/wp-content\/uploads\/2023\/08\/06-498x1024.jpg 498w, https:\/\/xbarchitecture.fr\/wp-content\/uploads\/2023\/08\/06-146x300.jpg 146w, https:\/\/xbarchitecture.fr\/wp-content\/uploads\/2023\/08\/06-768x1580.jpg 768w, https:\/\/xbarchitecture.fr\/wp-content\/uploads\/2023\/08\/06-747x1536.jpg 747w, https:\/\/xbarchitecture.fr\/wp-content\/uploads\/2023\/08\/06-996x2048.jpg 996w, https:\/\/xbarchitecture.fr\/wp-content\/uploads\/2023\/08\/06-scaled.jpg 1244w\" sizes=\"auto, (max-width: 498px) 100vw, 498px\" \/><\/figure>\n<\/div>\n<\/div>\n\n\n\n<figure class=\"wp-block-image size-large\"><img loading=\"lazy\" decoding=\"async\" width=\"1024\" height=\"498\" src=\"https:\/\/xbarchitecture.fr\/wp-content\/uploads\/2023\/08\/08-1024x498.jpg\" alt=\"\" class=\"wp-image-150\" srcset=\"https:\/\/xbarchitecture.fr\/wp-content\/uploads\/2023\/08\/08-1024x498.jpg 1024w, https:\/\/xbarchitecture.fr\/wp-content\/uploads\/2023\/08\/08-300x146.jpg 300w, https:\/\/xbarchitecture.fr\/wp-content\/uploads\/2023\/08\/08-768x373.jpg 768w, https:\/\/xbarchitecture.fr\/wp-content\/uploads\/2023\/08\/08-1536x747.jpg 1536w, https:\/\/xbarchitecture.fr\/wp-content\/uploads\/2023\/08\/08-2048x996.jpg 2048w\" sizes=\"auto, (max-width: 706px) 89vw, (max-width: 767px) 82vw, 740px\" \/><\/figure>\n\n\n\n<p><\/p>\n\n\n\n<p class=\"has-black-color has-cyan-bluish-gray-background-color has-text-color has-background has-link-color wp-elements-3fe2e5fa8e7772bf3aae777fe9b5f429\" style=\"font-size:16px\"><strong>R\u00e9novation lourde de logements sociaux + cr\u00e9ation d&rsquo;une chaufferie collective<\/strong><\/p>\n\n\n\n<p class=\"has-black-color has-text-color has-link-color wp-elements-f9f81ee45f9463e7a43e191e7ca3fcc5\" style=\"font-size:16px\">STRASBOURG Secteur Gare (67)<\/p>\n\n\n\n<div class=\"wp-block-columns is-layout-flex wp-container-core-columns-is-layout-9d6595d7 wp-block-columns-is-layout-flex\">\n<div class=\"wp-block-column is-layout-flow wp-block-column-is-layout-flow\">\n<figure class=\"wp-block-image size-large\"><img loading=\"lazy\" decoding=\"async\" width=\"768\" height=\"1024\" src=\"https:\/\/xbarchitecture.fr\/wp-content\/uploads\/2023\/08\/09-768x1024.jpg\" alt=\"\" class=\"wp-image-151\" srcset=\"https:\/\/xbarchitecture.fr\/wp-content\/uploads\/2023\/08\/09-768x1024.jpg 768w, https:\/\/xbarchitecture.fr\/wp-content\/uploads\/2023\/08\/09-225x300.jpg 225w, https:\/\/xbarchitecture.fr\/wp-content\/uploads\/2023\/08\/09-1152x1536.jpg 1152w, https:\/\/xbarchitecture.fr\/wp-content\/uploads\/2023\/08\/09-1536x2048.jpg 1536w, https:\/\/xbarchitecture.fr\/wp-content\/uploads\/2023\/08\/09-scaled.jpg 1920w\" sizes=\"auto, (max-width: 706px) 89vw, (max-width: 767px) 82vw, 740px\" \/><\/figure>\n<\/div>\n\n\n\n<div class=\"wp-block-column is-layout-flow wp-block-column-is-layout-flow\">\n<figure class=\"wp-block-image size-large\"><img loading=\"lazy\" decoding=\"async\" width=\"1024\" height=\"768\" src=\"https:\/\/xbarchitecture.fr\/wp-content\/uploads\/2023\/08\/10-1024x768.jpg\" alt=\"\" class=\"wp-image-152\" srcset=\"https:\/\/xbarchitecture.fr\/wp-content\/uploads\/2023\/08\/10-1024x768.jpg 1024w, https:\/\/xbarchitecture.fr\/wp-content\/uploads\/2023\/08\/10-300x225.jpg 300w, https:\/\/xbarchitecture.fr\/wp-content\/uploads\/2023\/08\/10-768x576.jpg 768w, https:\/\/xbarchitecture.fr\/wp-content\/uploads\/2023\/08\/10-1536x1152.jpg 1536w, https:\/\/xbarchitecture.fr\/wp-content\/uploads\/2023\/08\/10-2048x1536.jpg 2048w\" sizes=\"auto, (max-width: 706px) 89vw, (max-width: 767px) 82vw, 740px\" \/><\/figure>\n<\/div>\n<\/div>\n\n\n\n<figure class=\"wp-block-image size-large\"><img loading=\"lazy\" decoding=\"async\" width=\"1024\" height=\"416\" src=\"https:\/\/xbarchitecture.fr\/wp-content\/uploads\/2023\/08\/11-1024x416.jpg\" alt=\"\" class=\"wp-image-153\" srcset=\"https:\/\/xbarchitecture.fr\/wp-content\/uploads\/2023\/08\/11-1024x416.jpg 1024w, https:\/\/xbarchitecture.fr\/wp-content\/uploads\/2023\/08\/11-300x122.jpg 300w, https:\/\/xbarchitecture.fr\/wp-content\/uploads\/2023\/08\/11-768x312.jpg 768w, https:\/\/xbarchitecture.fr\/wp-content\/uploads\/2023\/08\/11-1536x624.jpg 1536w, https:\/\/xbarchitecture.fr\/wp-content\/uploads\/2023\/08\/11-2048x832.jpg 2048w\" sizes=\"auto, (max-width: 706px) 89vw, (max-width: 767px) 82vw, 740px\" \/><\/figure>\n","protected":false},"excerpt":{"rendered":"<p>Immeuble 4 logements + 1 local commercial en RdC &#8211; STRASBOURG Secteur PSMV (67) D\u00e9molition partielle \/ Extension \/ R\u00e9novation lourde R\u00e9novation lourde de logements sociaux + cr\u00e9ation d&rsquo;une chaufferie collective STRASBOURG Secteur Gare (67)<\/p>\n","protected":false},"author":1,"featured_media":0,"parent":0,"menu_order":0,"comment_status":"closed","ping_status":"closed","template":"","meta":{"footnotes":""},"class_list":["post-41","page","type-page","status-publish","hentry"],"_links":{"self":[{"href":"https:\/\/xbarchitecture.fr\/index.php\/wp-json\/wp\/v2\/pages\/41","targetHints":{"allow":["GET"]}}],"collection":[{"href":"https:\/\/xbarchitecture.fr\/index.php\/wp-json\/wp\/v2\/pages"}],"about":[{"href":"https:\/\/xbarchitecture.fr\/index.php\/wp-json\/wp\/v2\/types\/page"}],"author":[{"embeddable":true,"href":"https:\/\/xbarchitecture.fr\/index.php\/wp-json\/wp\/v2\/users\/1"}],"replies":[{"embeddable":true,"href":"https:\/\/xbarchitecture.fr\/index.php\/wp-json\/wp\/v2\/comments?post=41"}],"version-history":[{"count":8,"href":"https:\/\/xbarchitecture.fr\/index.php\/wp-json\/wp\/v2\/pages\/41\/revisions"}],"predecessor-version":[{"id":399,"href":"https:\/\/xbarchitecture.fr\/index.php\/wp-json\/wp\/v2\/pages\/41\/revisions\/399"}],"wp:attachment":[{"href":"https:\/\/xbarchitecture.fr\/index.php\/wp-json\/wp\/v2\/media?parent=41"}],"curies":[{"name":"wp","href":"https:\/\/api.w.org\/{rel}","templated":true}]}}